{"id":11626,"date":"2022-04-05T13:55:08","date_gmt":"2022-04-05T13:55:08","guid":{"rendered":"https:\/\/lemokacannes.com\/our-cards\/"},"modified":"2025-10-20T09:33:28","modified_gmt":"2025-10-20T09:33:28","slug":"our-cards","status":"publish","type":"page","link":"https:\/\/lemokacannes.com\/en\/our-cards\/","title":{"rendered":"Menus"},"content":{"rendered":"\t\t<div data-elementor-type=\"wp-page\" data-elementor-id=\"11626\" class=\"elementor elementor-11626 elementor-4894\" data-elementor-post-type=\"page\">\n\t\t\t\t<div class=\"elementor-element elementor-element-7650d21 e-flex e-con-boxed e-con e-parent\" data-id=\"7650d21\" data-element_type=\"container\" data-e-type=\"container\" data-settings=\"{&quot;background_background&quot;:&quot;classic&quot;}\">\n\t\t\t\t\t<div class=\"e-con-inner\">\n\t\t<div class=\"elementor-element elementor-element-80447a9 e-con-full e-flex e-con e-child\" data-id=\"80447a9\" data-element_type=\"container\" data-e-type=\"container\">\n\t\t\t\t<div class=\"elementor-element elementor-element-d470128 elementor-invisible elementor-widget elementor-widget-pt_title\" data-id=\"d470128\" data-element_type=\"widget\" data-e-type=\"widget\" data-settings=\"{&quot;_animation&quot;:&quot;zoomIn&quot;}\" data-widget_type=\"pt_title.default\">\n\t\t\t\t<div class=\"elementor-widget-container\">\n\t\t\t\t\t\n        <div class=\"pt-title-wrap text-center\">\t            <h1 class=\"pt-title\">\n\t                Menus\t            <\/h1>        <\/div>\t\t\t\t<\/div>\n\t\t\t\t<\/div>\n\t\t\t\t<div class=\"elementor-element elementor-element-1461af4 elementor-widget elementor-widget-spacer\" data-id=\"1461af4\" data-element_type=\"widget\" data-e-type=\"widget\" data-widget_type=\"spacer.default\">\n\t\t\t\t\t\t\t<div class=\"elementor-spacer\">\n\t\t\t<div class=\"elementor-spacer-inner\"><\/div>\n\t\t<\/div>\n\t\t\t\t\t\t<\/div>\n\t\t<div class=\"elementor-element elementor-element-9b46100 e-con-full e-flex e-con e-child\" data-id=\"9b46100\" data-element_type=\"container\" data-e-type=\"container\">\n\t\t\t\t<div class=\"elementor-element elementor-element-dff6f57 elementor-align-justify animated-slow elementor-mobile-align-center elementor-widget__width-initial elementor-widget elementor-widget-button\" data-id=\"dff6f57\" data-element_type=\"widget\" data-e-type=\"widget\" data-settings=\"{&quot;_animation&quot;:&quot;none&quot;}\" data-widget_type=\"button.default\">\n\t\t\t\t\t\t\t\t\t\t<a class=\"elementor-button elementor-button-link elementor-size-sm\" href=\"https:\/\/bookings.zenchef.com\/results?rid=357556&#038;pid=1001\" target=\"_blank\">\n\t\t\t\t\t\t<span class=\"elementor-button-content-wrapper\">\n\t\t\t\t\t\t\t\t\t<span class=\"elementor-button-text\">BOOK<\/span>\n\t\t\t\t\t<\/span>\n\t\t\t\t\t<\/a>\n\t\t\t\t\t\t\t\t<\/div>\n\t\t\t\t<div class=\"elementor-element elementor-element-f2bd01a elementor-align-justify animated-slow elementor-mobile-align-center elementor-widget__width-initial elementor-widget elementor-widget-button\" data-id=\"f2bd01a\" data-element_type=\"widget\" data-e-type=\"widget\" data-settings=\"{&quot;_animation&quot;:&quot;none&quot;}\" data-widget_type=\"button.default\">\n\t\t\t\t\t\t\t\t\t\t<a class=\"elementor-button elementor-button-link elementor-size-sm\" href=\"https:\/\/lemokacannes.com\/en\/contact\/\">\n\t\t\t\t\t\t<span class=\"elementor-button-content-wrapper\">\n\t\t\t\t\t\t\t\t\t<span class=\"elementor-button-text\">contact<\/span>\n\t\t\t\t\t<\/span>\n\t\t\t\t\t<\/a>\n\t\t\t\t\t\t\t\t<\/div>\n\t\t\t\t<\/div>\n\t\t\t\t<\/div>\n\t\t\t\t\t<\/div>\n\t\t\t\t<\/div>\n\t\t<div class=\"elementor-element elementor-element-68b4d89 e-flex e-con-boxed e-con e-parent\" data-id=\"68b4d89\" data-element_type=\"container\" data-e-type=\"container\">\n\t\t\t\t\t<div class=\"e-con-inner\">\n\t\t\t\t<div class=\"elementor-element elementor-element-25160d7 elementor-widget elementor-widget-heading\" data-id=\"25160d7\" data-element_type=\"widget\" data-e-type=\"widget\" data-widget_type=\"heading.default\">\n\t\t\t\t\t<h2 class=\"elementor-heading-title elementor-size-default\">The taste of the Mediterranean at your table<\/h2>\t\t\t\t<\/div>\n\t\t\t\t<div class=\"elementor-element elementor-element-5410147 elementor-align-justify animated-slow elementor-mobile-align-center elementor-widget__width-initial elementor-widget elementor-widget-button\" data-id=\"5410147\" data-element_type=\"widget\" data-e-type=\"widget\" data-settings=\"{&quot;_animation&quot;:&quot;none&quot;}\" data-widget_type=\"button.default\">\n\t\t\t\t\t\t\t\t\t\t<a class=\"elementor-button elementor-button-link elementor-size-sm\" href=\"https:\/\/bookings.zenchef.com\/results?rid=357556&#038;pid=1001\" target=\"_blank\">\n\t\t\t\t\t\t<span class=\"elementor-button-content-wrapper\">\n\t\t\t\t\t\t\t\t\t<span class=\"elementor-button-text\">book<\/span>\n\t\t\t\t\t<\/span>\n\t\t\t\t\t<\/a>\n\t\t\t\t\t\t\t\t<\/div>\n\t\t\t\t<div class=\"elementor-element elementor-element-386a2ca elementor-widget__width-initial elementor-widget elementor-widget-text-editor\" data-id=\"386a2ca\" data-element_type=\"widget\" data-e-type=\"widget\" data-widget_type=\"text-editor.default\">\n\t\t\t\t\t\t\t\t\t<p>Enjoy a flavorful and relaxed menu, perfect for a lighthearted moment.<\/p>\t\t\t\t\t\t\t\t<\/div>\n\t\t<div class=\"elementor-element elementor-element-d17a0c3 e-con-full e-flex e-con e-child\" data-id=\"d17a0c3\" data-element_type=\"container\" data-e-type=\"container\">\n\t\t<div class=\"elementor-element elementor-element-2ab78fd e-con-full e-flex e-con e-child\" data-id=\"2ab78fd\" data-element_type=\"container\" data-e-type=\"container\">\n\t\t\t\t<div class=\"elementor-element elementor-element-ef68322 elementor-widget elementor-widget-image\" data-id=\"ef68322\" data-element_type=\"widget\" data-e-type=\"widget\" data-widget_type=\"image.default\">\n\t\t\t\t\t\t\t\t\t\t\t\t\t\t\t\t<a href=\"https:\/\/lemokacannes.com\/wp-content\/uploads\/2025\/07\/moka-petit-dejeuner.pdf\" target=\"_blank\">\n\t\t\t\t\t\t\t<img fetchpriority=\"high\" decoding=\"async\" width=\"576\" height=\"1024\" src=\"https:\/\/lemokacannes.com\/wp-content\/uploads\/2025\/07\/breackfast-menu-576x1024.png\" class=\"attachment-large size-large wp-image-12664\" alt=\"\" srcset=\"https:\/\/lemokacannes.com\/wp-content\/uploads\/2025\/07\/breackfast-menu-576x1024.png 576w, https:\/\/lemokacannes.com\/wp-content\/uploads\/2025\/07\/breackfast-menu-169x300.png 169w, https:\/\/lemokacannes.com\/wp-content\/uploads\/2025\/07\/breackfast-menu-768x1365.png 768w, https:\/\/lemokacannes.com\/wp-content\/uploads\/2025\/07\/breackfast-menu-864x1536.png 864w, https:\/\/lemokacannes.com\/wp-content\/uploads\/2025\/07\/breackfast-menu-780x1387.png 780w, https:\/\/lemokacannes.com\/wp-content\/uploads\/2025\/07\/breackfast-menu-600x1067.png 600w, https:\/\/lemokacannes.com\/wp-content\/uploads\/2025\/07\/breackfast-menu-550x978.png 550w, https:\/\/lemokacannes.com\/wp-content\/uploads\/2025\/07\/breackfast-menu-370x658.png 370w, https:\/\/lemokacannes.com\/wp-content\/uploads\/2025\/07\/breackfast-menu-255x453.png 255w, https:\/\/lemokacannes.com\/wp-content\/uploads\/2025\/07\/breackfast-menu.png 1080w\" sizes=\"(max-width: 576px) 100vw, 576px\" \/>\t\t\t\t\t\t\t\t<\/a>\n\t\t\t\t\t\t\t\t\t\t\t\t\t\t\t<\/div>\n\t\t\t\t<\/div>\n\t\t<div class=\"elementor-element elementor-element-8fe6e89 e-con-full e-flex e-con e-child\" data-id=\"8fe6e89\" data-element_type=\"container\" data-e-type=\"container\">\n\t\t\t\t<div class=\"elementor-element elementor-element-7b5e3a3 elementor-widget elementor-widget-image\" data-id=\"7b5e3a3\" data-element_type=\"widget\" data-e-type=\"widget\" data-widget_type=\"image.default\">\n\t\t\t\t\t\t\t\t\t\t\t\t\t\t\t\t<a href=\"https:\/\/lemokacannes.com\/wp-content\/uploads\/2025\/07\/moka-dejeuner.pdf\" target=\"_blank\">\n\t\t\t\t\t\t\t<img decoding=\"async\" width=\"576\" height=\"1024\" src=\"https:\/\/lemokacannes.com\/wp-content\/uploads\/2025\/07\/lunch-576x1024.png\" class=\"attachment-large size-large wp-image-12662\" alt=\"\" srcset=\"https:\/\/lemokacannes.com\/wp-content\/uploads\/2025\/07\/lunch-576x1024.png 576w, https:\/\/lemokacannes.com\/wp-content\/uploads\/2025\/07\/lunch-169x300.png 169w, https:\/\/lemokacannes.com\/wp-content\/uploads\/2025\/07\/lunch-768x1365.png 768w, https:\/\/lemokacannes.com\/wp-content\/uploads\/2025\/07\/lunch-864x1536.png 864w, https:\/\/lemokacannes.com\/wp-content\/uploads\/2025\/07\/lunch-780x1387.png 780w, https:\/\/lemokacannes.com\/wp-content\/uploads\/2025\/07\/lunch-600x1067.png 600w, https:\/\/lemokacannes.com\/wp-content\/uploads\/2025\/07\/lunch-550x978.png 550w, https:\/\/lemokacannes.com\/wp-content\/uploads\/2025\/07\/lunch-370x658.png 370w, https:\/\/lemokacannes.com\/wp-content\/uploads\/2025\/07\/lunch-255x453.png 255w, https:\/\/lemokacannes.com\/wp-content\/uploads\/2025\/07\/lunch.png 1080w\" sizes=\"(max-width: 576px) 100vw, 576px\" \/>\t\t\t\t\t\t\t\t<\/a>\n\t\t\t\t\t\t\t\t\t\t\t\t\t\t\t<\/div>\n\t\t\t\t<\/div>\n\t\t\t\t<\/div>\n\t\t\t\t\t<\/div>\n\t\t\t\t<\/div>\n\t\t\t\t<\/div>\n\t\t","protected":false},"excerpt":{"rendered":"<p>Menus BOOK contact The taste of the Mediterranean at your table book Enjoy a flavorful and relaxed menu, perfect for a lighthearted moment.<\/p>\n","protected":false},"author":2,"featured_media":0,"parent":0,"menu_order":0,"comment_status":"closed","ping_status":"closed","template":"elementor_header_footer","meta":{"patiotime_single_page_hide_site_header":"","patiotime_single_page_site_header_source":"","patiotime_single_page_custom_site_header":"","patiotime_single_page_custom_sticky_site_header":"","patiotime_single_page_hide_page_title":"","patiotime_single_page_header_section_size":"","patiotime_single_page_header_background_color":"","patiotime_single_page_header_background_position_x":"center","patiotime_single_page_header_background_position_y":"center","patiotime_single_page_header_background_size":"cover","patiotime_single_page_header_background_repeat":"off","patiotime_single_page_header_background_scroll":"on","patiotime_single_page_header_text_color":"","patiotime_single_page_header_show_breadcrumb":"","patiotime_single_page_site_footer_hide_main":"","patiotime_single_page_site_footer_hide_above":"","patiotime_single_page_site_footer_hide_instagram":"","patiotime_single_page_site_footer_hide_bottom":"","footnotes":""},"class_list":["post-11626","page","type-page","status-publish","hentry"],"yoast_head":"<!-- This site is optimized with the Yoast SEO plugin v27.1.1 - https:\/\/yoast.com\/product\/yoast-seo-wordpress\/ -->\n<title>M\u00f4ka Cannes \u2013 Our Mediterranean menus, a light touch<\/title>\n<meta name=\"description\" content=\"Enjoy M\u00f4ka&#039;s relaxed Mediterranean menus in Cannes\u2014flavors that bring lightness to every bite.\" \/>\n<meta name=\"robots\" content=\"index, follow, max-snippet:-1, max-image-preview:large, max-video-preview:-1\" \/>\n<link rel=\"canonical\" href=\"https:\/\/lemokacannes.com\/en\/our-cards\/\" \/>\n<meta property=\"og:locale\" content=\"en_US\" \/>\n<meta property=\"og:type\" content=\"article\" \/>\n<meta property=\"og:title\" content=\"M\u00f4ka Cannes \u2013 Our Mediterranean menus, a light touch\" \/>\n<meta property=\"og:description\" content=\"Enjoy M\u00f4ka&#039;s relaxed Mediterranean menus in Cannes\u2014flavors that bring lightness to every bite.\" \/>\n<meta property=\"og:url\" content=\"https:\/\/lemokacannes.com\/en\/our-cards\/\" \/>\n<meta property=\"og:site_name\" content=\"M\u00d4KA\" \/>\n<meta property=\"article:modified_time\" content=\"2025-10-20T09:33:28+00:00\" \/>\n<meta property=\"og:image\" content=\"https:\/\/lemokacannes.com\/wp-content\/uploads\/2025\/07\/breackfast-menu.png\" \/>\n\t<meta property=\"og:image:width\" content=\"1080\" \/>\n\t<meta property=\"og:image:height\" content=\"1920\" \/>\n\t<meta property=\"og:image:type\" content=\"image\/png\" \/>\n<meta name=\"twitter:card\" content=\"summary_large_image\" \/>\n<meta name=\"twitter:label1\" content=\"Est. reading time\" \/>\n\t<meta name=\"twitter:data1\" content=\"1 minute\" \/>\n<script type=\"application\/ld+json\" class=\"yoast-schema-graph\">{\"@context\":\"https:\/\/schema.org\",\"@graph\":[{\"@type\":\"WebPage\",\"@id\":\"https:\/\/lemokacannes.com\/en\/our-cards\/\",\"url\":\"https:\/\/lemokacannes.com\/en\/our-cards\/\",\"name\":\"M\u00f4ka Cannes \u2013 Our Mediterranean menus, a light touch\",\"isPartOf\":{\"@id\":\"https:\/\/lemokacannes.com\/en\/#website\"},\"primaryImageOfPage\":{\"@id\":\"https:\/\/lemokacannes.com\/en\/our-cards\/#primaryimage\"},\"image\":{\"@id\":\"https:\/\/lemokacannes.com\/en\/our-cards\/#primaryimage\"},\"thumbnailUrl\":\"https:\/\/lemokacannes.com\/wp-content\/uploads\/2025\/07\/breackfast-menu-576x1024.png\",\"datePublished\":\"2022-04-05T13:55:08+00:00\",\"dateModified\":\"2025-10-20T09:33:28+00:00\",\"description\":\"Enjoy M\u00f4ka's relaxed Mediterranean menus in Cannes\u2014flavors that bring lightness to every bite.\",\"breadcrumb\":{\"@id\":\"https:\/\/lemokacannes.com\/en\/our-cards\/#breadcrumb\"},\"inLanguage\":\"en-US\",\"potentialAction\":[{\"@type\":\"ReadAction\",\"target\":[\"https:\/\/lemokacannes.com\/en\/our-cards\/\"]}]},{\"@type\":\"ImageObject\",\"inLanguage\":\"en-US\",\"@id\":\"https:\/\/lemokacannes.com\/en\/our-cards\/#primaryimage\",\"url\":\"https:\/\/lemokacannes.com\/wp-content\/uploads\/2025\/07\/breackfast-menu-576x1024.png\",\"contentUrl\":\"https:\/\/lemokacannes.com\/wp-content\/uploads\/2025\/07\/breackfast-menu-576x1024.png\"},{\"@type\":\"BreadcrumbList\",\"@id\":\"https:\/\/lemokacannes.com\/en\/our-cards\/#breadcrumb\",\"itemListElement\":[{\"@type\":\"ListItem\",\"position\":1,\"name\":\"Home\",\"item\":\"https:\/\/lemokacannes.com\/en\/\"},{\"@type\":\"ListItem\",\"position\":2,\"name\":\"Menus\"}]},{\"@type\":\"WebSite\",\"@id\":\"https:\/\/lemokacannes.com\/en\/#website\",\"url\":\"https:\/\/lemokacannes.com\/en\/\",\"name\":\"M\u00d4KA\",\"description\":\"Petit-d\u00e9jeuner . D\u00e9jeuner . P\u00e2tisseries . Glaces artisanales\",\"publisher\":{\"@id\":\"https:\/\/lemokacannes.com\/en\/#organization\"},\"potentialAction\":[{\"@type\":\"SearchAction\",\"target\":{\"@type\":\"EntryPoint\",\"urlTemplate\":\"https:\/\/lemokacannes.com\/en\/?s={search_term_string}\"},\"query-input\":{\"@type\":\"PropertyValueSpecification\",\"valueRequired\":true,\"valueName\":\"search_term_string\"}}],\"inLanguage\":\"en-US\"},{\"@type\":\"Organization\",\"@id\":\"https:\/\/lemokacannes.com\/en\/#organization\",\"name\":\"M\u00d4KA\",\"url\":\"https:\/\/lemokacannes.com\/en\/\",\"logo\":{\"@type\":\"ImageObject\",\"inLanguage\":\"en-US\",\"@id\":\"https:\/\/lemokacannes.com\/en\/#\/schema\/logo\/image\/\",\"url\":\"https:\/\/lemokacannes.com\/wp-content\/uploads\/2025\/07\/telechargement.svg\",\"contentUrl\":\"https:\/\/lemokacannes.com\/wp-content\/uploads\/2025\/07\/telechargement.svg\",\"caption\":\"M\u00d4KA\"},\"image\":{\"@id\":\"https:\/\/lemokacannes.com\/en\/#\/schema\/logo\/image\/\"}}]}<\/script>\n<!-- \/ Yoast SEO plugin. -->","yoast_head_json":{"title":"M\u00f4ka Cannes \u2013 Our Mediterranean menus, a light touch","description":"Enjoy M\u00f4ka's relaxed Mediterranean menus in Cannes\u2014flavors that bring lightness to every bite.","robots":{"index":"index","follow":"follow","max-snippet":"max-snippet:-1","max-image-preview":"max-image-preview:large","max-video-preview":"max-video-preview:-1"},"canonical":"https:\/\/lemokacannes.com\/en\/our-cards\/","og_locale":"en_US","og_type":"article","og_title":"M\u00f4ka Cannes \u2013 Our Mediterranean menus, a light touch","og_description":"Enjoy M\u00f4ka's relaxed Mediterranean menus in Cannes\u2014flavors that bring lightness to every bite.","og_url":"https:\/\/lemokacannes.com\/en\/our-cards\/","og_site_name":"M\u00d4KA","article_modified_time":"2025-10-20T09:33:28+00:00","og_image":[{"width":1080,"height":1920,"url":"https:\/\/lemokacannes.com\/wp-content\/uploads\/2025\/07\/breackfast-menu.png","type":"image\/png"}],"twitter_card":"summary_large_image","twitter_misc":{"Est. reading time":"1 minute"},"schema":{"@context":"https:\/\/schema.org","@graph":[{"@type":"WebPage","@id":"https:\/\/lemokacannes.com\/en\/our-cards\/","url":"https:\/\/lemokacannes.com\/en\/our-cards\/","name":"M\u00f4ka Cannes \u2013 Our Mediterranean menus, a light touch","isPartOf":{"@id":"https:\/\/lemokacannes.com\/en\/#website"},"primaryImageOfPage":{"@id":"https:\/\/lemokacannes.com\/en\/our-cards\/#primaryimage"},"image":{"@id":"https:\/\/lemokacannes.com\/en\/our-cards\/#primaryimage"},"thumbnailUrl":"https:\/\/lemokacannes.com\/wp-content\/uploads\/2025\/07\/breackfast-menu-576x1024.png","datePublished":"2022-04-05T13:55:08+00:00","dateModified":"2025-10-20T09:33:28+00:00","description":"Enjoy M\u00f4ka's relaxed Mediterranean menus in Cannes\u2014flavors that bring lightness to every bite.","breadcrumb":{"@id":"https:\/\/lemokacannes.com\/en\/our-cards\/#breadcrumb"},"inLanguage":"en-US","potentialAction":[{"@type":"ReadAction","target":["https:\/\/lemokacannes.com\/en\/our-cards\/"]}]},{"@type":"ImageObject","inLanguage":"en-US","@id":"https:\/\/lemokacannes.com\/en\/our-cards\/#primaryimage","url":"https:\/\/lemokacannes.com\/wp-content\/uploads\/2025\/07\/breackfast-menu-576x1024.png","contentUrl":"https:\/\/lemokacannes.com\/wp-content\/uploads\/2025\/07\/breackfast-menu-576x1024.png"},{"@type":"BreadcrumbList","@id":"https:\/\/lemokacannes.com\/en\/our-cards\/#breadcrumb","itemListElement":[{"@type":"ListItem","position":1,"name":"Home","item":"https:\/\/lemokacannes.com\/en\/"},{"@type":"ListItem","position":2,"name":"Menus"}]},{"@type":"WebSite","@id":"https:\/\/lemokacannes.com\/en\/#website","url":"https:\/\/lemokacannes.com\/en\/","name":"M\u00d4KA","description":"Petit-d\u00e9jeuner . D\u00e9jeuner . P\u00e2tisseries . Glaces artisanales","publisher":{"@id":"https:\/\/lemokacannes.com\/en\/#organization"},"potentialAction":[{"@type":"SearchAction","target":{"@type":"EntryPoint","urlTemplate":"https:\/\/lemokacannes.com\/en\/?s={search_term_string}"},"query-input":{"@type":"PropertyValueSpecification","valueRequired":true,"valueName":"search_term_string"}}],"inLanguage":"en-US"},{"@type":"Organization","@id":"https:\/\/lemokacannes.com\/en\/#organization","name":"M\u00d4KA","url":"https:\/\/lemokacannes.com\/en\/","logo":{"@type":"ImageObject","inLanguage":"en-US","@id":"https:\/\/lemokacannes.com\/en\/#\/schema\/logo\/image\/","url":"https:\/\/lemokacannes.com\/wp-content\/uploads\/2025\/07\/telechargement.svg","contentUrl":"https:\/\/lemokacannes.com\/wp-content\/uploads\/2025\/07\/telechargement.svg","caption":"M\u00d4KA"},"image":{"@id":"https:\/\/lemokacannes.com\/en\/#\/schema\/logo\/image\/"}}]}},"_links":{"self":[{"href":"https:\/\/lemokacannes.com\/en\/wp-json\/wp\/v2\/pages\/11626","targetHints":{"allow":["GET"]}}],"collection":[{"href":"https:\/\/lemokacannes.com\/en\/wp-json\/wp\/v2\/pages"}],"about":[{"href":"https:\/\/lemokacannes.com\/en\/wp-json\/wp\/v2\/types\/page"}],"author":[{"embeddable":true,"href":"https:\/\/lemokacannes.com\/en\/wp-json\/wp\/v2\/users\/2"}],"replies":[{"embeddable":true,"href":"https:\/\/lemokacannes.com\/en\/wp-json\/wp\/v2\/comments?post=11626"}],"version-history":[{"count":0,"href":"https:\/\/lemokacannes.com\/en\/wp-json\/wp\/v2\/pages\/11626\/revisions"}],"wp:attachment":[{"href":"https:\/\/lemokacannes.com\/en\/wp-json\/wp\/v2\/media?parent=11626"}],"curies":[{"name":"wp","href":"https:\/\/api.w.org\/{rel}","templated":true}]}}