{"id":11616,"date":"2023-03-05T13:54:15","date_gmt":"2023-03-05T13:54:15","guid":{"rendered":"https:\/\/lemokacannes.com\/private-dinners-and-events\/"},"modified":"2025-09-03T11:21:21","modified_gmt":"2025-09-03T11:21:21","slug":"private-dinners-and-events","status":"publish","type":"page","link":"https:\/\/lemokacannes.com\/en\/private-dinners-and-events\/","title":{"rendered":"Private Dinners and Events"},"content":{"rendered":"\t\t<div data-elementor-type=\"wp-page\" data-elementor-id=\"11616\" class=\"elementor elementor-11616 elementor-6776\" data-elementor-post-type=\"page\">\n\t\t\t\t<div class=\"elementor-element elementor-element-b83fafc e-flex e-con-boxed e-con e-parent\" data-id=\"b83fafc\" data-element_type=\"container\" data-e-type=\"container\" data-settings=\"{&quot;background_background&quot;:&quot;classic&quot;}\">\n\t\t\t\t\t<div class=\"e-con-inner\">\n\t\t<div class=\"elementor-element elementor-element-08f4146 e-con-full e-flex e-con e-child\" data-id=\"08f4146\" data-element_type=\"container\" data-e-type=\"container\">\n\t\t\t\t<div class=\"elementor-element elementor-element-c9fa2af elementor-invisible elementor-widget elementor-widget-pt_title\" data-id=\"c9fa2af\" data-element_type=\"widget\" data-e-type=\"widget\" data-settings=\"{&quot;_animation&quot;:&quot;zoomIn&quot;}\" data-widget_type=\"pt_title.default\">\n\t\t\t\t<div class=\"elementor-widget-container\">\n\t\t\t\t\t\n        <div class=\"pt-title-wrap text-center\">\t            <h1 class=\"pt-title\">\n\t                Private Dinners and Events\t            <\/h1>        <\/div>\t\t\t\t<\/div>\n\t\t\t\t<\/div>\n\t\t\t\t<div class=\"elementor-element elementor-element-47a3ab0 elementor-widget elementor-widget-spacer\" data-id=\"47a3ab0\" data-element_type=\"widget\" data-e-type=\"widget\" data-widget_type=\"spacer.default\">\n\t\t\t\t\t\t\t<div class=\"elementor-spacer\">\n\t\t\t<div class=\"elementor-spacer-inner\"><\/div>\n\t\t<\/div>\n\t\t\t\t\t\t<\/div>\n\t\t\t\t<\/div>\n\t\t\t\t\t<\/div>\n\t\t\t\t<\/div>\n\t\t\t\t<section class=\"elementor-section elementor-top-section elementor-element elementor-element-45ed2f0 elementor-section-boxed elementor-section-height-default elementor-section-height-default\" data-id=\"45ed2f0\" data-element_type=\"section\" data-e-type=\"section\">\n\t\t\t\t\t\t<div class=\"elementor-container elementor-column-gap-default\">\n\t\t\t\t\t<div class=\"elementor-column elementor-col-100 elementor-top-column elementor-element elementor-element-08da2c9\" data-id=\"08da2c9\" data-element_type=\"column\" data-e-type=\"column\">\n\t\t\t<div class=\"elementor-widget-wrap elementor-element-populated\">\n\t\t\t\t\t\t<div class=\"elementor-element elementor-element-19aec60 elementor-widget elementor-widget-pt_title\" data-id=\"19aec60\" data-element_type=\"widget\" data-e-type=\"widget\" data-widget_type=\"pt_title.default\">\n\t\t\t\t<div class=\"elementor-widget-container\">\n\t\t\t\t\t\n        <div class=\"pt-title-wrap text-center\">\t            <div class=\"pt-subtitle-wrap\"><span class=\"pt-subtitle\">REQUEST A QUOTE<\/span><\/div>\t            <div class=\"pt-title-text\">\n\t                <p style=\"font-weight: 400; text-align: center;\">Contact our team to discuss your tailor-made events<\/p><p style=\"font-weight: 400; text-align: center;\"><a href=\"mailto:lemoka@lamomegroupe.com\">lemoka@lamomegroupe.com<\/a> or <a href=\"tel:+33486802998\">+33 4 86 80 29 98<\/a><\/p>\t            <\/div>        <\/div>\t\t\t\t<\/div>\n\t\t\t\t<\/div>\n\t\t\t\t\t<\/div>\n\t\t<\/div>\n\t\t\t\t\t<\/div>\n\t\t<\/section>\n\t\t<div class=\"elementor-element elementor-element-7c5b611 e-flex e-con-boxed e-con e-parent\" data-id=\"7c5b611\" data-element_type=\"container\" data-e-type=\"container\">\n\t\t\t\t\t<div class=\"e-con-inner\">\n\t\t\t\t<div class=\"elementor-element elementor-element-1a7b242 elementor-widget__width-initial elementor-widget elementor-widget-html\" data-id=\"1a7b242\" data-element_type=\"widget\" data-e-type=\"widget\" data-widget_type=\"html.default\">\n\t\t\t\t\t<iframe data-tally-src=\"https:\/\/tally.so\/embed\/3lkV8v?alignLeft=1&hideTitle=1&transparentBackground=1&dynamicHeight=1\" loading=\"lazy\" width=\"100%\" height=\"1171\" frameborder=\"0\" marginheight=\"0\" marginwidth=\"0\" title=\"M\u00f4ka EN\"><\/iframe>\n<script>var d=document,w=\"https:\/\/tally.so\/widgets\/embed.js\",v=function(){\"undefined\"!=typeof Tally?Tally.loadEmbeds():d.querySelectorAll(\"iframe[data-tally-src]:not([src])\").forEach((function(e){e.src=e.dataset.tallySrc}))};if(\"undefined\"!=typeof Tally)v();else if(d.querySelector('script[src=\"'+w+'\"]')==null){var s=d.createElement(\"script\");s.src=w,s.onload=v,s.onerror=v,d.body.appendChild(s);}<\/script>\t\t\t\t<\/div>\n\t\t\t\t\t<\/div>\n\t\t\t\t<\/div>\n\t\t\t\t<section class=\"elementor-section elementor-top-section elementor-element elementor-element-da525e7 elementor-hidden-desktop elementor-hidden-laptop elementor-hidden-tablet elementor-hidden-mobile elementor-section-boxed elementor-section-height-default elementor-section-height-default\" data-id=\"da525e7\" data-element_type=\"section\" data-e-type=\"section\">\n\t\t\t\t\t\t<div class=\"elementor-container elementor-column-gap-default\">\n\t\t\t\t\t<div class=\"elementor-column elementor-col-100 elementor-top-column elementor-element elementor-element-70ea5c8\" data-id=\"70ea5c8\" data-element_type=\"column\" data-e-type=\"column\">\n\t\t\t<div class=\"elementor-widget-wrap\">\n\t\t\t\t\t\t\t<\/div>\n\t\t<\/div>\n\t\t\t\t\t<\/div>\n\t\t<\/section>\n\t\t\t\t<\/div>\n\t\t","protected":false},"excerpt":{"rendered":"<p>Private Dinners and Events REQUEST A QUOTE Contact our team to discuss your tailor-made events lemoka@lamomegroupe.com or +33 4 86 80 29 98<\/p>\n","protected":false},"author":2,"featured_media":0,"parent":0,"menu_order":0,"comment_status":"closed","ping_status":"closed","template":"elementor_header_footer","meta":{"patiotime_single_page_hide_site_header":"","patiotime_single_page_site_header_source":"","patiotime_single_page_custom_site_header":"","patiotime_single_page_custom_sticky_site_header":"","patiotime_single_page_hide_page_title":"","patiotime_single_page_header_section_size":"","patiotime_single_page_header_background_color":"","patiotime_single_page_header_background_position_x":"center","patiotime_single_page_header_background_position_y":"center","patiotime_single_page_header_background_size":"cover","patiotime_single_page_header_background_repeat":"off","patiotime_single_page_header_background_scroll":"on","patiotime_single_page_header_text_color":"","patiotime_single_page_header_show_breadcrumb":"","patiotime_single_page_site_footer_hide_main":"","patiotime_single_page_site_footer_hide_above":"","patiotime_single_page_site_footer_hide_instagram":"","patiotime_single_page_site_footer_hide_bottom":"","footnotes":""},"class_list":["post-11616","page","type-page","status-publish","hentry"],"yoast_head":"<!-- This site is optimized with the Yoast SEO plugin v27.1.1 - https:\/\/yoast.com\/product\/yoast-seo-wordpress\/ -->\n<title>M\u00f4ka Cannes \u2013 Private Dining &amp; Tailored Events<\/title>\n<meta name=\"description\" content=\"Request a quote for private dinners or custom events at M\u00f4ka Cannes. Group bookings, full privatization, personalized.\" \/>\n<meta name=\"robots\" content=\"index, follow, max-snippet:-1, max-image-preview:large, max-video-preview:-1\" \/>\n<link rel=\"canonical\" href=\"https:\/\/lemokacannes.com\/en\/private-dinners-and-events\/\" \/>\n<meta property=\"og:locale\" content=\"en_US\" \/>\n<meta property=\"og:type\" content=\"article\" \/>\n<meta property=\"og:title\" content=\"M\u00f4ka Cannes \u2013 Private Dining &amp; Tailored Events\" \/>\n<meta property=\"og:description\" content=\"Request a quote for private dinners or custom events at M\u00f4ka Cannes. Group bookings, full privatization, personalized.\" \/>\n<meta property=\"og:url\" content=\"https:\/\/lemokacannes.com\/en\/private-dinners-and-events\/\" \/>\n<meta property=\"og:site_name\" content=\"M\u00d4KA\" \/>\n<meta property=\"article:modified_time\" content=\"2025-09-03T11:21:21+00:00\" \/>\n<meta name=\"twitter:card\" content=\"summary_large_image\" \/>\n<meta name=\"twitter:label1\" content=\"Est. reading time\" \/>\n\t<meta name=\"twitter:data1\" content=\"1 minute\" \/>\n<script type=\"application\/ld+json\" class=\"yoast-schema-graph\">{\"@context\":\"https:\/\/schema.org\",\"@graph\":[{\"@type\":\"WebPage\",\"@id\":\"https:\/\/lemokacannes.com\/en\/private-dinners-and-events\/\",\"url\":\"https:\/\/lemokacannes.com\/en\/private-dinners-and-events\/\",\"name\":\"M\u00f4ka Cannes \u2013 Private Dining & Tailored Events\",\"isPartOf\":{\"@id\":\"https:\/\/lemokacannes.com\/en\/#website\"},\"datePublished\":\"2023-03-05T13:54:15+00:00\",\"dateModified\":\"2025-09-03T11:21:21+00:00\",\"description\":\"Request a quote for private dinners or custom events at M\u00f4ka Cannes. Group bookings, full privatization, personalized.\",\"breadcrumb\":{\"@id\":\"https:\/\/lemokacannes.com\/en\/private-dinners-and-events\/#breadcrumb\"},\"inLanguage\":\"en-US\",\"potentialAction\":[{\"@type\":\"ReadAction\",\"target\":[\"https:\/\/lemokacannes.com\/en\/private-dinners-and-events\/\"]}]},{\"@type\":\"BreadcrumbList\",\"@id\":\"https:\/\/lemokacannes.com\/en\/private-dinners-and-events\/#breadcrumb\",\"itemListElement\":[{\"@type\":\"ListItem\",\"position\":1,\"name\":\"Home\",\"item\":\"https:\/\/lemokacannes.com\/en\/\"},{\"@type\":\"ListItem\",\"position\":2,\"name\":\"Private Dinners and Events\"}]},{\"@type\":\"WebSite\",\"@id\":\"https:\/\/lemokacannes.com\/en\/#website\",\"url\":\"https:\/\/lemokacannes.com\/en\/\",\"name\":\"M\u00d4KA\",\"description\":\"Petit-d\u00e9jeuner . D\u00e9jeuner . P\u00e2tisseries . Glaces artisanales\",\"publisher\":{\"@id\":\"https:\/\/lemokacannes.com\/en\/#organization\"},\"potentialAction\":[{\"@type\":\"SearchAction\",\"target\":{\"@type\":\"EntryPoint\",\"urlTemplate\":\"https:\/\/lemokacannes.com\/en\/?s={search_term_string}\"},\"query-input\":{\"@type\":\"PropertyValueSpecification\",\"valueRequired\":true,\"valueName\":\"search_term_string\"}}],\"inLanguage\":\"en-US\"},{\"@type\":\"Organization\",\"@id\":\"https:\/\/lemokacannes.com\/en\/#organization\",\"name\":\"M\u00d4KA\",\"url\":\"https:\/\/lemokacannes.com\/en\/\",\"logo\":{\"@type\":\"ImageObject\",\"inLanguage\":\"en-US\",\"@id\":\"https:\/\/lemokacannes.com\/en\/#\/schema\/logo\/image\/\",\"url\":\"https:\/\/lemokacannes.com\/wp-content\/uploads\/2025\/07\/telechargement.svg\",\"contentUrl\":\"https:\/\/lemokacannes.com\/wp-content\/uploads\/2025\/07\/telechargement.svg\",\"caption\":\"M\u00d4KA\"},\"image\":{\"@id\":\"https:\/\/lemokacannes.com\/en\/#\/schema\/logo\/image\/\"}}]}<\/script>\n<!-- \/ Yoast SEO plugin. -->","yoast_head_json":{"title":"M\u00f4ka Cannes \u2013 Private Dining & Tailored Events","description":"Request a quote for private dinners or custom events at M\u00f4ka Cannes. Group bookings, full privatization, personalized.","robots":{"index":"index","follow":"follow","max-snippet":"max-snippet:-1","max-image-preview":"max-image-preview:large","max-video-preview":"max-video-preview:-1"},"canonical":"https:\/\/lemokacannes.com\/en\/private-dinners-and-events\/","og_locale":"en_US","og_type":"article","og_title":"M\u00f4ka Cannes \u2013 Private Dining & Tailored Events","og_description":"Request a quote for private dinners or custom events at M\u00f4ka Cannes. Group bookings, full privatization, personalized.","og_url":"https:\/\/lemokacannes.com\/en\/private-dinners-and-events\/","og_site_name":"M\u00d4KA","article_modified_time":"2025-09-03T11:21:21+00:00","twitter_card":"summary_large_image","twitter_misc":{"Est. reading time":"1 minute"},"schema":{"@context":"https:\/\/schema.org","@graph":[{"@type":"WebPage","@id":"https:\/\/lemokacannes.com\/en\/private-dinners-and-events\/","url":"https:\/\/lemokacannes.com\/en\/private-dinners-and-events\/","name":"M\u00f4ka Cannes \u2013 Private Dining & Tailored Events","isPartOf":{"@id":"https:\/\/lemokacannes.com\/en\/#website"},"datePublished":"2023-03-05T13:54:15+00:00","dateModified":"2025-09-03T11:21:21+00:00","description":"Request a quote for private dinners or custom events at M\u00f4ka Cannes. Group bookings, full privatization, personalized.","breadcrumb":{"@id":"https:\/\/lemokacannes.com\/en\/private-dinners-and-events\/#breadcrumb"},"inLanguage":"en-US","potentialAction":[{"@type":"ReadAction","target":["https:\/\/lemokacannes.com\/en\/private-dinners-and-events\/"]}]},{"@type":"BreadcrumbList","@id":"https:\/\/lemokacannes.com\/en\/private-dinners-and-events\/#breadcrumb","itemListElement":[{"@type":"ListItem","position":1,"name":"Home","item":"https:\/\/lemokacannes.com\/en\/"},{"@type":"ListItem","position":2,"name":"Private Dinners and Events"}]},{"@type":"WebSite","@id":"https:\/\/lemokacannes.com\/en\/#website","url":"https:\/\/lemokacannes.com\/en\/","name":"M\u00d4KA","description":"Petit-d\u00e9jeuner . D\u00e9jeuner . P\u00e2tisseries . Glaces artisanales","publisher":{"@id":"https:\/\/lemokacannes.com\/en\/#organization"},"potentialAction":[{"@type":"SearchAction","target":{"@type":"EntryPoint","urlTemplate":"https:\/\/lemokacannes.com\/en\/?s={search_term_string}"},"query-input":{"@type":"PropertyValueSpecification","valueRequired":true,"valueName":"search_term_string"}}],"inLanguage":"en-US"},{"@type":"Organization","@id":"https:\/\/lemokacannes.com\/en\/#organization","name":"M\u00d4KA","url":"https:\/\/lemokacannes.com\/en\/","logo":{"@type":"ImageObject","inLanguage":"en-US","@id":"https:\/\/lemokacannes.com\/en\/#\/schema\/logo\/image\/","url":"https:\/\/lemokacannes.com\/wp-content\/uploads\/2025\/07\/telechargement.svg","contentUrl":"https:\/\/lemokacannes.com\/wp-content\/uploads\/2025\/07\/telechargement.svg","caption":"M\u00d4KA"},"image":{"@id":"https:\/\/lemokacannes.com\/en\/#\/schema\/logo\/image\/"}}]}},"_links":{"self":[{"href":"https:\/\/lemokacannes.com\/en\/wp-json\/wp\/v2\/pages\/11616","targetHints":{"allow":["GET"]}}],"collection":[{"href":"https:\/\/lemokacannes.com\/en\/wp-json\/wp\/v2\/pages"}],"about":[{"href":"https:\/\/lemokacannes.com\/en\/wp-json\/wp\/v2\/types\/page"}],"author":[{"embeddable":true,"href":"https:\/\/lemokacannes.com\/en\/wp-json\/wp\/v2\/users\/2"}],"replies":[{"embeddable":true,"href":"https:\/\/lemokacannes.com\/en\/wp-json\/wp\/v2\/comments?post=11616"}],"version-history":[{"count":0,"href":"https:\/\/lemokacannes.com\/en\/wp-json\/wp\/v2\/pages\/11616\/revisions"}],"wp:attachment":[{"href":"https:\/\/lemokacannes.com\/en\/wp-json\/wp\/v2\/media?parent=11616"}],"curies":[{"name":"wp","href":"https:\/\/api.w.org\/{rel}","templated":true}]}}