{"id":11613,"date":"2022-08-05T13:54:45","date_gmt":"2022-08-05T13:54:45","guid":{"rendered":"https:\/\/lemokacannes.com\/contact\/"},"modified":"2026-02-23T12:50:11","modified_gmt":"2026-02-23T12:50:11","slug":"contact","status":"publish","type":"page","link":"https:\/\/lemokacannes.com\/en\/contact\/","title":{"rendered":"Contact"},"content":{"rendered":"\t\t<div data-elementor-type=\"wp-page\" data-elementor-id=\"11613\" class=\"elementor elementor-11613 elementor-7339\" data-elementor-post-type=\"page\">\n\t\t\t\t<div class=\"elementor-element elementor-element-885c812 elementor-hidden-desktop elementor-hidden-laptop elementor-hidden-tablet elementor-hidden-mobile e-flex e-con-boxed e-con e-parent\" data-id=\"885c812\" data-element_type=\"container\" data-e-type=\"container\" data-settings=\"{&quot;background_background&quot;:&quot;gradient&quot;}\">\n\t\t\t\t\t<div class=\"e-con-inner\">\n\t\t<div class=\"elementor-element elementor-element-0288eb7 e-con-full e-flex e-con e-child\" data-id=\"0288eb7\" data-element_type=\"container\" data-e-type=\"container\">\n\t\t\t\t<\/div>\n\t\t<div class=\"elementor-element elementor-element-a712725 e-con-full e-flex e-con e-child\" data-id=\"a712725\" data-element_type=\"container\" data-e-type=\"container\">\n\t\t\t\t<div class=\"elementor-element elementor-element-05e17b4 elementor-align-center elementor-widget elementor-widget-pt_logo\" data-id=\"05e17b4\" data-element_type=\"widget\" data-e-type=\"widget\" data-widget_type=\"pt_logo.default\">\n\t\t\t\t<div class=\"elementor-widget-container\">\n\t\t\t\t\t                <a href=\"https:\/\/lemokacannes.com\/en\/\">                    <img decoding=\"async\" width=\"200\" height=\"94\" class=\"attachment-full size-full wp-image-12709\" alt=\"\" src=\"https:\/\/lemokacannes.com\/wp-content\/uploads\/2025\/07\/telechargement.svg\" \/>                <\/a>\t\t\t\t<\/div>\n\t\t\t\t<\/div>\n\t\t\t\t<\/div>\n\t\t<div class=\"elementor-element elementor-element-a470020 e-con-full e-flex e-con e-child\" data-id=\"a470020\" data-element_type=\"container\" data-e-type=\"container\">\n\t\t\t\t<div class=\"elementor-element elementor-element-a8a3e81 elementor-widget__width-auto elementor-widget elementor-widget-pt_menu_toggle\" data-id=\"a8a3e81\" data-element_type=\"widget\" data-e-type=\"widget\" data-widget_type=\"pt_menu_toggle.default\">\n\t\t\t\t<div class=\"elementor-widget-container\">\n\t\t\t\t\t        <button class=\"menu-toggle elementor-widget-menu-toggle\">Menu<\/button>\t\t\t\t<\/div>\n\t\t\t\t<\/div>\n\t\t\t\t<div class=\"elementor-element elementor-element-dc4ddda elementor-widget__width-auto elementor-hidden-mobile elementor-widget elementor-widget-text-editor\" data-id=\"dc4ddda\" data-element_type=\"widget\" data-e-type=\"widget\" data-widget_type=\"text-editor.default\">\n\t\t\t\t\t\t\t\t\t<p><a href=\"https:\/\/lemokacannes.com\/en\/\">FR<\/a> <a href=\"https:\/\/lemokacannes.com\/en\">EN<\/a><\/p>\t\t\t\t\t\t\t\t<\/div>\n\t\t\t\t<\/div>\n\t\t\t\t\t<\/div>\n\t\t\t\t<\/div>\n\t\t<div class=\"elementor-element elementor-element-da5c44f e-flex e-con-boxed e-con e-parent\" data-id=\"da5c44f\" data-element_type=\"container\" data-e-type=\"container\" data-settings=\"{&quot;background_background&quot;:&quot;classic&quot;}\">\n\t\t\t\t\t<div class=\"e-con-inner\">\n\t\t<div class=\"elementor-element elementor-element-eb72b2a e-con-full e-flex e-con e-child\" data-id=\"eb72b2a\" data-element_type=\"container\" data-e-type=\"container\">\n\t\t\t\t<div class=\"elementor-element elementor-element-fd8ab3f elementor-widget elementor-widget-pt_title\" data-id=\"fd8ab3f\" data-element_type=\"widget\" data-e-type=\"widget\" data-widget_type=\"pt_title.default\">\n\t\t\t\t<div class=\"elementor-widget-container\">\n\t\t\t\t\t\n        <div class=\"pt-title-wrap text-center\">\t            <h5 class=\"pt-title color-white\">\n\t                Contact\t            <\/h5>\t            <div class=\"pt-title-text color-white\">\n\t                <p><a href=\"https:\/\/www.google.com\/maps\/dir\/43.7313688,7.4063791\/le+moka+cannes\/@43.645081,6.8815366,10z\/data=!3m1!4b1!4m9!4m8!1m1!4e1!1m5!1m1!1s0x12ce8121866a51bd:0xe1d1e83f4de82ee3!2m2!1d7.0231125!2d43.5518774?entry=ttu&amp;g_ep=EgoyMDI1MDcyOC4wIKXMDSoASAFQAw%3D%3D\" target=\"_blank\" rel=\"noopener\">9 rue du Commandant Andr\u00e9, 06400 Cannes<\/a><br \/><a href=\"tel:+33486802998\">+33 4 86 80 29 98<\/a><br \/><a href=\"mailto:lemoka@lamomegroupe.com\">lemoka@lamomegroupe.com<\/a><\/p><div class=\"elementor-element elementor-element-fd4f129 elementor-widget elementor-widget-pt_title animated zoomIn\" data-id=\"fd4f129\" data-element_type=\"widget\" data-settings=\"{&quot;_animation&quot;:&quot;zoomIn&quot;}\" data-widget_type=\"pt_title.default\"><div class=\"elementor-widget-container\"><div class=\"pt-title-wrap text-center text-center-mobile\"><div class=\"pt-title-text\"><p>Annual closure starting January 5<br \/>Open 7\/7<br \/>Breakfast : 09:00 \u2013 11:30<br \/>Lunch : 12:00 \u2013 16:00<\/p><\/div><\/div><\/div><\/div>\t            <\/div>        <\/div>\t\t\t\t<\/div>\n\t\t\t\t<\/div>\n\t\t\t\t<div class=\"elementor-element elementor-element-3b81d8d elementor-shape-rounded elementor-grid-0 e-grid-align-center elementor-widget elementor-widget-social-icons\" data-id=\"3b81d8d\" data-element_type=\"widget\" data-e-type=\"widget\" data-widget_type=\"social-icons.default\">\n\t\t\t\t\t\t\t<div class=\"elementor-social-icons-wrapper elementor-grid\" role=\"list\">\n\t\t\t\t\t\t\t<span class=\"elementor-grid-item\" role=\"listitem\">\n\t\t\t\t\t<a class=\"elementor-icon elementor-social-icon elementor-social-icon-facebook elementor-repeater-item-ce78427\" href=\"https:\/\/www.facebook.com\/lemokacannes\/\" target=\"_blank\">\n\t\t\t\t\t\t<span class=\"elementor-screen-only\">Facebook<\/span>\n\t\t\t\t\t\t<svg aria-hidden=\"true\" class=\"e-font-icon-svg e-fab-facebook\" viewBox=\"0 0 512 512\" xmlns=\"http:\/\/www.w3.org\/2000\/svg\"><path d=\"M504 256C504 119 393 8 256 8S8 119 8 256c0 123.78 90.69 226.38 209.25 245V327.69h-63V256h63v-54.64c0-62.15 37-96.48 93.67-96.48 27.14 0 55.52 4.84 55.52 4.84v61h-31.28c-30.8 0-40.41 19.12-40.41 38.73V256h68.78l-11 71.69h-57.78V501C413.31 482.38 504 379.78 504 256z\"><\/path><\/svg>\t\t\t\t\t<\/a>\n\t\t\t\t<\/span>\n\t\t\t\t\t\t\t<span class=\"elementor-grid-item\" role=\"listitem\">\n\t\t\t\t\t<a class=\"elementor-icon elementor-social-icon elementor-social-icon-instagram elementor-repeater-item-5cca039\" href=\"https:\/\/www.instagram.com\/mokacannes\/\" target=\"_blank\">\n\t\t\t\t\t\t<span class=\"elementor-screen-only\">Instagram<\/span>\n\t\t\t\t\t\t<svg aria-hidden=\"true\" class=\"e-font-icon-svg e-fab-instagram\" viewBox=\"0 0 448 512\" xmlns=\"http:\/\/www.w3.org\/2000\/svg\"><path d=\"M224.1 141c-63.6 0-114.9 51.3-114.9 114.9s51.3 114.9 114.9 114.9S339 319.5 339 255.9 287.7 141 224.1 141zm0 189.6c-41.1 0-74.7-33.5-74.7-74.7s33.5-74.7 74.7-74.7 74.7 33.5 74.7 74.7-33.6 74.7-74.7 74.7zm146.4-194.3c0 14.9-12 26.8-26.8 26.8-14.9 0-26.8-12-26.8-26.8s12-26.8 26.8-26.8 26.8 12 26.8 26.8zm76.1 27.2c-1.7-35.9-9.9-67.7-36.2-93.9-26.2-26.2-58-34.4-93.9-36.2-37-2.1-147.9-2.1-184.9 0-35.8 1.7-67.6 9.9-93.9 36.1s-34.4 58-36.2 93.9c-2.1 37-2.1 147.9 0 184.9 1.7 35.9 9.9 67.7 36.2 93.9s58 34.4 93.9 36.2c37 2.1 147.9 2.1 184.9 0 35.9-1.7 67.7-9.9 93.9-36.2 26.2-26.2 34.4-58 36.2-93.9 2.1-37 2.1-147.8 0-184.8zM398.8 388c-7.8 19.6-22.9 34.7-42.6 42.6-29.5 11.7-99.5 9-132.1 9s-102.7 2.6-132.1-9c-19.6-7.8-34.7-22.9-42.6-42.6-11.7-29.5-9-99.5-9-132.1s-2.6-102.7 9-132.1c7.8-19.6 22.9-34.7 42.6-42.6 29.5-11.7 99.5-9 132.1-9s102.7-2.6 132.1 9c19.6 7.8 34.7 22.9 42.6 42.6 11.7 29.5 9 99.5 9 132.1s2.7 102.7-9 132.1z\"><\/path><\/svg>\t\t\t\t\t<\/a>\n\t\t\t\t<\/span>\n\t\t\t\t\t\t\t<span class=\"elementor-grid-item\" role=\"listitem\">\n\t\t\t\t\t<a class=\"elementor-icon elementor-social-icon elementor-social-icon-linkedin elementor-repeater-item-727cc6d\" href=\"https:\/\/link.groupelamome.com\/linkedin\" target=\"_blank\">\n\t\t\t\t\t\t<span class=\"elementor-screen-only\">Linkedin<\/span>\n\t\t\t\t\t\t<svg aria-hidden=\"true\" class=\"e-font-icon-svg e-fab-linkedin\" viewBox=\"0 0 448 512\" xmlns=\"http:\/\/www.w3.org\/2000\/svg\"><path d=\"M416 32H31.9C14.3 32 0 46.5 0 64.3v383.4C0 465.5 14.3 480 31.9 480H416c17.6 0 32-14.5 32-32.3V64.3c0-17.8-14.4-32.3-32-32.3zM135.4 416H69V202.2h66.5V416zm-33.2-243c-21.3 0-38.5-17.3-38.5-38.5S80.9 96 102.2 96c21.2 0 38.5 17.3 38.5 38.5 0 21.3-17.2 38.5-38.5 38.5zm282.1 243h-66.4V312c0-24.8-.5-56.7-34.5-56.7-34.6 0-39.9 27-39.9 54.9V416h-66.4V202.2h63.7v29.2h.9c8.9-16.8 30.6-34.5 62.9-34.5 67.2 0 79.7 44.3 79.7 101.9V416z\"><\/path><\/svg>\t\t\t\t\t<\/a>\n\t\t\t\t<\/span>\n\t\t\t\t\t<\/div>\n\t\t\t\t\t\t<\/div>\n\t\t<div class=\"elementor-element elementor-element-dc64fd0 e-con-full e-flex e-con e-child\" data-id=\"dc64fd0\" data-element_type=\"container\" data-e-type=\"container\">\n\t\t\t\t<div class=\"elementor-element elementor-element-988b60f elementor-align-justify animated-slow elementor-mobile-align-center elementor-widget__width-initial elementor-widget elementor-widget-button\" data-id=\"988b60f\" data-element_type=\"widget\" data-e-type=\"widget\" data-settings=\"{&quot;_animation&quot;:&quot;none&quot;}\" data-widget_type=\"button.default\">\n\t\t\t\t\t\t\t\t\t\t<a class=\"elementor-button elementor-button-link elementor-size-sm\" href=\"https:\/\/bookings.zenchef.com\/results?rid=357556&#038;pid=1001\" target=\"_blank\">\n\t\t\t\t\t\t<span class=\"elementor-button-content-wrapper\">\n\t\t\t\t\t\t\t\t\t<span class=\"elementor-button-text\">BOOK<\/span>\n\t\t\t\t\t<\/span>\n\t\t\t\t\t<\/a>\n\t\t\t\t\t\t\t\t<\/div>\n\t\t\t\t<div class=\"elementor-element elementor-element-3944b7b elementor-align-justify animated-slow elementor-mobile-align-center elementor-widget__width-initial elementor-widget elementor-widget-button\" data-id=\"3944b7b\" data-element_type=\"widget\" data-e-type=\"widget\" data-settings=\"{&quot;_animation&quot;:&quot;none&quot;}\" data-widget_type=\"button.default\">\n\t\t\t\t\t\t\t\t\t\t<a class=\"elementor-button elementor-button-link elementor-size-sm\" href=\"https:\/\/lemokacannes.com\/en\/private-dinners-and-events\/\" target=\"_blank\">\n\t\t\t\t\t\t<span class=\"elementor-button-content-wrapper\">\n\t\t\t\t\t\t\t\t\t<span class=\"elementor-button-text\">Event<\/span>\n\t\t\t\t\t<\/span>\n\t\t\t\t\t<\/a>\n\t\t\t\t\t\t\t\t<\/div>\n\t\t\t\t<div class=\"elementor-element elementor-element-ac830bd elementor-align-justify animated-slow elementor-mobile-align-center elementor-widget__width-initial elementor-widget elementor-widget-button\" data-id=\"ac830bd\" data-element_type=\"widget\" data-e-type=\"widget\" data-settings=\"{&quot;_animation&quot;:&quot;none&quot;}\" data-widget_type=\"button.default\">\n\t\t\t\t\t\t\t\t\t\t<a class=\"elementor-button elementor-button-link elementor-size-sm\" href=\"https:\/\/lamomecannes.com\/carriere\/\" target=\"_blank\">\n\t\t\t\t\t\t<span class=\"elementor-button-content-wrapper\">\n\t\t\t\t\t\t\t\t\t<span class=\"elementor-button-text\">Career<\/span>\n\t\t\t\t\t<\/span>\n\t\t\t\t\t<\/a>\n\t\t\t\t\t\t\t\t<\/div>\n\t\t\t\t<\/div>\n\t\t\t\t<\/div>\n\t\t\t\t\t<\/div>\n\t\t\t\t<\/div>\n\t\t\t\t<\/div>\n\t\t","protected":false},"excerpt":{"rendered":"<p>Menu FR EN Contact 9 rue du Commandant Andr\u00e9, 06400 Cannes+33 4 86 80 29 98lemoka@lamomegroupe.com Annual closure starting January 5Open 7\/7Breakfast : 09:00 \u2013 11:30Lunch : 12:00 \u2013 16:00 Facebook Instagram Linkedin BOOK Event Career<\/p>\n","protected":false},"author":2,"featured_media":0,"parent":0,"menu_order":0,"comment_status":"closed","ping_status":"closed","template":"elementor_header_footer","meta":{"patiotime_single_page_hide_site_header":"","patiotime_single_page_site_header_source":"custom","patiotime_single_page_custom_site_header":"8410","patiotime_single_page_custom_sticky_site_header":"","patiotime_single_page_hide_page_title":"","patiotime_single_page_header_section_size":"","patiotime_single_page_header_background_color":"","patiotime_single_page_header_background_position_x":"center","patiotime_single_page_header_background_position_y":"center","patiotime_single_page_header_background_size":"cover","patiotime_single_page_header_background_repeat":"off","patiotime_single_page_header_background_scroll":"on","patiotime_single_page_header_text_color":"","patiotime_single_page_header_show_breadcrumb":"","patiotime_single_page_site_footer_hide_main":"on","patiotime_single_page_site_footer_hide_above":"on","patiotime_single_page_site_footer_hide_instagram":"","patiotime_single_page_site_footer_hide_bottom":"","footnotes":""},"class_list":["post-11613","page","type-page","status-publish","hentry"],"yoast_head":"<!-- This site is optimized with the Yoast SEO plugin v27.1.1 - https:\/\/yoast.com\/product\/yoast-seo-wordpress\/ -->\n<title>M\u00f4ka Cannes \u2013 Contact &amp; sunlit opening hours<\/title>\n<meta name=\"description\" content=\"Reach M\u00f4ka in Cannes: open 7\/7 for breakfast &amp; lunch in a sun-drenched setting. 9 rue du Commandant Andr\u00e9.\" \/>\n<meta name=\"robots\" content=\"index, follow, max-snippet:-1, max-image-preview:large, max-video-preview:-1\" \/>\n<link rel=\"canonical\" href=\"https:\/\/lemokacannes.com\/en\/contact\/\" \/>\n<meta property=\"og:locale\" content=\"en_US\" \/>\n<meta property=\"og:type\" content=\"article\" \/>\n<meta property=\"og:title\" content=\"M\u00f4ka Cannes \u2013 Contact &amp; sunlit opening hours\" \/>\n<meta property=\"og:description\" content=\"Reach M\u00f4ka in Cannes: open 7\/7 for breakfast &amp; lunch in a sun-drenched setting. 9 rue du Commandant Andr\u00e9.\" \/>\n<meta property=\"og:url\" content=\"https:\/\/lemokacannes.com\/en\/contact\/\" \/>\n<meta property=\"og:site_name\" content=\"M\u00d4KA\" \/>\n<meta property=\"article:modified_time\" content=\"2026-02-23T12:50:11+00:00\" \/>\n<meta name=\"twitter:card\" content=\"summary_large_image\" \/>\n<meta name=\"twitter:label1\" content=\"Est. reading time\" \/>\n\t<meta name=\"twitter:data1\" content=\"1 minute\" \/>\n<script type=\"application\/ld+json\" class=\"yoast-schema-graph\">{\"@context\":\"https:\/\/schema.org\",\"@graph\":[{\"@type\":\"WebPage\",\"@id\":\"https:\/\/lemokacannes.com\/en\/contact\/\",\"url\":\"https:\/\/lemokacannes.com\/en\/contact\/\",\"name\":\"M\u00f4ka Cannes \u2013 Contact & sunlit opening hours\",\"isPartOf\":{\"@id\":\"https:\/\/lemokacannes.com\/en\/#website\"},\"primaryImageOfPage\":{\"@id\":\"https:\/\/lemokacannes.com\/en\/contact\/#primaryimage\"},\"image\":{\"@id\":\"https:\/\/lemokacannes.com\/en\/contact\/#primaryimage\"},\"thumbnailUrl\":\"https:\/\/lemokacannes.com\/wp-content\/uploads\/2025\/07\/telechargement.svg\",\"datePublished\":\"2022-08-05T13:54:45+00:00\",\"dateModified\":\"2026-02-23T12:50:11+00:00\",\"description\":\"Reach M\u00f4ka in Cannes: open 7\/7 for breakfast & lunch in a sun-drenched setting. 9 rue du Commandant Andr\u00e9.\",\"breadcrumb\":{\"@id\":\"https:\/\/lemokacannes.com\/en\/contact\/#breadcrumb\"},\"inLanguage\":\"en-US\",\"potentialAction\":[{\"@type\":\"ReadAction\",\"target\":[\"https:\/\/lemokacannes.com\/en\/contact\/\"]}]},{\"@type\":\"ImageObject\",\"inLanguage\":\"en-US\",\"@id\":\"https:\/\/lemokacannes.com\/en\/contact\/#primaryimage\",\"url\":\"https:\/\/lemokacannes.com\/wp-content\/uploads\/2025\/07\/telechargement.svg\",\"contentUrl\":\"https:\/\/lemokacannes.com\/wp-content\/uploads\/2025\/07\/telechargement.svg\"},{\"@type\":\"BreadcrumbList\",\"@id\":\"https:\/\/lemokacannes.com\/en\/contact\/#breadcrumb\",\"itemListElement\":[{\"@type\":\"ListItem\",\"position\":1,\"name\":\"Home\",\"item\":\"https:\/\/lemokacannes.com\/en\/\"},{\"@type\":\"ListItem\",\"position\":2,\"name\":\"Contact\"}]},{\"@type\":\"WebSite\",\"@id\":\"https:\/\/lemokacannes.com\/en\/#website\",\"url\":\"https:\/\/lemokacannes.com\/en\/\",\"name\":\"M\u00d4KA\",\"description\":\"Petit-d\u00e9jeuner . D\u00e9jeuner . P\u00e2tisseries . Glaces artisanales\",\"publisher\":{\"@id\":\"https:\/\/lemokacannes.com\/en\/#organization\"},\"potentialAction\":[{\"@type\":\"SearchAction\",\"target\":{\"@type\":\"EntryPoint\",\"urlTemplate\":\"https:\/\/lemokacannes.com\/en\/?s={search_term_string}\"},\"query-input\":{\"@type\":\"PropertyValueSpecification\",\"valueRequired\":true,\"valueName\":\"search_term_string\"}}],\"inLanguage\":\"en-US\"},{\"@type\":\"Organization\",\"@id\":\"https:\/\/lemokacannes.com\/en\/#organization\",\"name\":\"M\u00d4KA\",\"url\":\"https:\/\/lemokacannes.com\/en\/\",\"logo\":{\"@type\":\"ImageObject\",\"inLanguage\":\"en-US\",\"@id\":\"https:\/\/lemokacannes.com\/en\/#\/schema\/logo\/image\/\",\"url\":\"https:\/\/lemokacannes.com\/wp-content\/uploads\/2025\/07\/telechargement.svg\",\"contentUrl\":\"https:\/\/lemokacannes.com\/wp-content\/uploads\/2025\/07\/telechargement.svg\",\"caption\":\"M\u00d4KA\"},\"image\":{\"@id\":\"https:\/\/lemokacannes.com\/en\/#\/schema\/logo\/image\/\"}}]}<\/script>\n<!-- \/ Yoast SEO plugin. -->","yoast_head_json":{"title":"M\u00f4ka Cannes \u2013 Contact & sunlit opening hours","description":"Reach M\u00f4ka in Cannes: open 7\/7 for breakfast & lunch in a sun-drenched setting. 9 rue du Commandant Andr\u00e9.","robots":{"index":"index","follow":"follow","max-snippet":"max-snippet:-1","max-image-preview":"max-image-preview:large","max-video-preview":"max-video-preview:-1"},"canonical":"https:\/\/lemokacannes.com\/en\/contact\/","og_locale":"en_US","og_type":"article","og_title":"M\u00f4ka Cannes \u2013 Contact & sunlit opening hours","og_description":"Reach M\u00f4ka in Cannes: open 7\/7 for breakfast & lunch in a sun-drenched setting. 9 rue du Commandant Andr\u00e9.","og_url":"https:\/\/lemokacannes.com\/en\/contact\/","og_site_name":"M\u00d4KA","article_modified_time":"2026-02-23T12:50:11+00:00","twitter_card":"summary_large_image","twitter_misc":{"Est. reading time":"1 minute"},"schema":{"@context":"https:\/\/schema.org","@graph":[{"@type":"WebPage","@id":"https:\/\/lemokacannes.com\/en\/contact\/","url":"https:\/\/lemokacannes.com\/en\/contact\/","name":"M\u00f4ka Cannes \u2013 Contact & sunlit opening hours","isPartOf":{"@id":"https:\/\/lemokacannes.com\/en\/#website"},"primaryImageOfPage":{"@id":"https:\/\/lemokacannes.com\/en\/contact\/#primaryimage"},"image":{"@id":"https:\/\/lemokacannes.com\/en\/contact\/#primaryimage"},"thumbnailUrl":"https:\/\/lemokacannes.com\/wp-content\/uploads\/2025\/07\/telechargement.svg","datePublished":"2022-08-05T13:54:45+00:00","dateModified":"2026-02-23T12:50:11+00:00","description":"Reach M\u00f4ka in Cannes: open 7\/7 for breakfast & lunch in a sun-drenched setting. 9 rue du Commandant Andr\u00e9.","breadcrumb":{"@id":"https:\/\/lemokacannes.com\/en\/contact\/#breadcrumb"},"inLanguage":"en-US","potentialAction":[{"@type":"ReadAction","target":["https:\/\/lemokacannes.com\/en\/contact\/"]}]},{"@type":"ImageObject","inLanguage":"en-US","@id":"https:\/\/lemokacannes.com\/en\/contact\/#primaryimage","url":"https:\/\/lemokacannes.com\/wp-content\/uploads\/2025\/07\/telechargement.svg","contentUrl":"https:\/\/lemokacannes.com\/wp-content\/uploads\/2025\/07\/telechargement.svg"},{"@type":"BreadcrumbList","@id":"https:\/\/lemokacannes.com\/en\/contact\/#breadcrumb","itemListElement":[{"@type":"ListItem","position":1,"name":"Home","item":"https:\/\/lemokacannes.com\/en\/"},{"@type":"ListItem","position":2,"name":"Contact"}]},{"@type":"WebSite","@id":"https:\/\/lemokacannes.com\/en\/#website","url":"https:\/\/lemokacannes.com\/en\/","name":"M\u00d4KA","description":"Petit-d\u00e9jeuner . D\u00e9jeuner . P\u00e2tisseries . Glaces artisanales","publisher":{"@id":"https:\/\/lemokacannes.com\/en\/#organization"},"potentialAction":[{"@type":"SearchAction","target":{"@type":"EntryPoint","urlTemplate":"https:\/\/lemokacannes.com\/en\/?s={search_term_string}"},"query-input":{"@type":"PropertyValueSpecification","valueRequired":true,"valueName":"search_term_string"}}],"inLanguage":"en-US"},{"@type":"Organization","@id":"https:\/\/lemokacannes.com\/en\/#organization","name":"M\u00d4KA","url":"https:\/\/lemokacannes.com\/en\/","logo":{"@type":"ImageObject","inLanguage":"en-US","@id":"https:\/\/lemokacannes.com\/en\/#\/schema\/logo\/image\/","url":"https:\/\/lemokacannes.com\/wp-content\/uploads\/2025\/07\/telechargement.svg","contentUrl":"https:\/\/lemokacannes.com\/wp-content\/uploads\/2025\/07\/telechargement.svg","caption":"M\u00d4KA"},"image":{"@id":"https:\/\/lemokacannes.com\/en\/#\/schema\/logo\/image\/"}}]}},"_links":{"self":[{"href":"https:\/\/lemokacannes.com\/en\/wp-json\/wp\/v2\/pages\/11613","targetHints":{"allow":["GET"]}}],"collection":[{"href":"https:\/\/lemokacannes.com\/en\/wp-json\/wp\/v2\/pages"}],"about":[{"href":"https:\/\/lemokacannes.com\/en\/wp-json\/wp\/v2\/types\/page"}],"author":[{"embeddable":true,"href":"https:\/\/lemokacannes.com\/en\/wp-json\/wp\/v2\/users\/2"}],"replies":[{"embeddable":true,"href":"https:\/\/lemokacannes.com\/en\/wp-json\/wp\/v2\/comments?post=11613"}],"version-history":[{"count":0,"href":"https:\/\/lemokacannes.com\/en\/wp-json\/wp\/v2\/pages\/11613\/revisions"}],"wp:attachment":[{"href":"https:\/\/lemokacannes.com\/en\/wp-json\/wp\/v2\/media?parent=11613"}],"curies":[{"name":"wp","href":"https:\/\/api.w.org\/{rel}","templated":true}]}}