{"id":11611,"date":"2024-09-02T16:15:28","date_gmt":"2024-09-02T16:15:28","guid":{"rendered":"https:\/\/lemokacannes.com\/home\/"},"modified":"2025-09-23T18:49:28","modified_gmt":"2025-09-23T18:49:28","slug":"home","status":"publish","type":"page","link":"https:\/\/lemokacannes.com\/en\/","title":{"rendered":"Home"},"content":{"rendered":"\t\t<div data-elementor-type=\"wp-page\" data-elementor-id=\"11611\" class=\"elementor elementor-11611 elementor-9869\" data-elementor-post-type=\"page\">\n\t\t\t\t<div class=\"elementor-element elementor-element-12a443e e-flex e-con-boxed e-con e-parent\" data-id=\"12a443e\" data-element_type=\"container\" data-e-type=\"container\" data-settings=\"{&quot;background_background&quot;:&quot;classic&quot;}\">\n\t\t\t\t\t<div class=\"e-con-inner\">\n\t\t<div class=\"elementor-element elementor-element-0ed3e9b e-con-full e-flex e-con e-child\" data-id=\"0ed3e9b\" data-element_type=\"container\" data-e-type=\"container\">\n\t\t\t\t<div class=\"elementor-element elementor-element-54acc69 elementor-widget elementor-widget-spacer\" data-id=\"54acc69\" data-element_type=\"widget\" data-e-type=\"widget\" data-widget_type=\"spacer.default\">\n\t\t\t\t\t\t\t<div class=\"elementor-spacer\">\n\t\t\t<div class=\"elementor-spacer-inner\"><\/div>\n\t\t<\/div>\n\t\t\t\t\t\t<\/div>\n\t\t<div class=\"elementor-element elementor-element-93ce819 e-con-full e-flex e-con e-child\" data-id=\"93ce819\" data-element_type=\"container\" data-e-type=\"container\">\n\t\t\t\t<div class=\"elementor-element elementor-element-c12eb00 elementor-align-justify animated-slow elementor-mobile-align-justify elementor-widget__width-initial elementor-widget elementor-widget-button\" data-id=\"c12eb00\" data-element_type=\"widget\" data-e-type=\"widget\" data-settings=\"{&quot;_animation&quot;:&quot;none&quot;}\" data-widget_type=\"button.default\">\n\t\t\t\t\t\t\t\t\t\t<a class=\"elementor-button elementor-button-link elementor-size-sm\" href=\"https:\/\/lemokacannes.com\/en\/our-cards\/\">\n\t\t\t\t\t\t<span class=\"elementor-button-content-wrapper\">\n\t\t\t\t\t\t\t\t\t<span class=\"elementor-button-text\">MENUS<\/span>\n\t\t\t\t\t<\/span>\n\t\t\t\t\t<\/a>\n\t\t\t\t\t\t\t\t<\/div>\n\t\t\t\t<div class=\"elementor-element elementor-element-4a782e3 elementor-align-justify animated-slow elementor-mobile-align-justify elementor-widget__width-initial elementor-widget elementor-widget-button\" data-id=\"4a782e3\" data-element_type=\"widget\" data-e-type=\"widget\" data-settings=\"{&quot;_animation&quot;:&quot;none&quot;}\" data-widget_type=\"button.default\">\n\t\t\t\t\t\t\t\t\t\t<a class=\"elementor-button elementor-button-link elementor-size-sm\" href=\"https:\/\/bookings.zenchef.com\/results?rid=357556&#038;pid=1001\" target=\"_blank\">\n\t\t\t\t\t\t<span class=\"elementor-button-content-wrapper\">\n\t\t\t\t\t\t\t\t\t<span class=\"elementor-button-text\">BOOK<\/span>\n\t\t\t\t\t<\/span>\n\t\t\t\t\t<\/a>\n\t\t\t\t\t\t\t\t<\/div>\n\t\t\t\t<div class=\"elementor-element elementor-element-1ba95d2 animated-slow elementor-mobile-align-justify elementor-widget__width-initial elementor-align-justify elementor-widget elementor-widget-button\" data-id=\"1ba95d2\" data-element_type=\"widget\" data-e-type=\"widget\" data-settings=\"{&quot;_animation&quot;:&quot;none&quot;}\" data-widget_type=\"button.default\">\n\t\t\t\t\t\t\t\t\t\t<a class=\"elementor-button elementor-button-link elementor-size-sm\" href=\"https:\/\/shop.zenchef.com\/?active-collection=vouchers&#038;collections=vouchers&#038;shop-id=sh_4a2027f4-032f-42c6-817e-5aa7acd8331e&#038;language=fr&#038;primary-color=225f78\">\n\t\t\t\t\t\t<span class=\"elementor-button-content-wrapper\">\n\t\t\t\t\t\t\t\t\t<span class=\"elementor-button-text\">GIFT VOUCHER<\/span>\n\t\t\t\t\t<\/span>\n\t\t\t\t\t<\/a>\n\t\t\t\t\t\t\t\t<\/div>\n\t\t\t\t<\/div>\n\t\t\t\t<\/div>\n\t\t\t\t\t<\/div>\n\t\t\t\t<\/div>\n\t\t<div class=\"elementor-element elementor-element-f8bea61 e-flex e-con-boxed e-con e-parent\" data-id=\"f8bea61\" data-element_type=\"container\" data-e-type=\"container\" data-settings=\"{&quot;background_background&quot;:&quot;classic&quot;}\">\n\t\t\t\t\t<div class=\"e-con-inner\">\n\t\t<div class=\"elementor-element elementor-element-07be6c0 e-con-full e-flex e-con e-child\" data-id=\"07be6c0\" data-element_type=\"container\" data-e-type=\"container\" data-settings=\"{&quot;background_background&quot;:&quot;classic&quot;}\">\n\t\t\t\t<\/div>\n\t\t<div class=\"elementor-element elementor-element-52f7415 e-con-full e-flex e-con e-child\" data-id=\"52f7415\" data-element_type=\"container\" data-e-type=\"container\">\n\t\t\t\t<div class=\"elementor-element elementor-element-9c20f19 elementor-widget elementor-widget-heading\" data-id=\"9c20f19\" data-element_type=\"widget\" data-e-type=\"widget\" data-widget_type=\"heading.default\">\n\t\t\t\t\t<h2 class=\"elementor-heading-title elementor-size-default\">The joyful and sunny brasserie<\/h2>\t\t\t\t<\/div>\n\t\t\t\t<div class=\"elementor-element elementor-element-f1546a7 elementor-widget elementor-widget-text-editor\" data-id=\"f1546a7\" data-element_type=\"widget\" data-e-type=\"widget\" data-widget_type=\"text-editor.default\">\n\t\t\t\t\t\t\t\t\t<p>As soon as you step into Rue Florian, it\u2019s impossible to miss, M\u00f4ka welcomes you with open arms.<br \/>A sun-drenched terrace, hidden from view, vibrant colors, and a light, carefree atmosphere. M\u00f4ka is a lively, radiant, and unmistakably joyful brasserie.<br \/><br \/>Here, you\u2019ll find that gentle, easygoing energy so typical of the French Riviera, felt as much in the space itself as in the warm smiles that greet you.<br \/><br \/>From early morning, the vibe is spontaneous, the welcome genuine. At lunchtime, the menu invites you on a flavorful journey through the Mediterranean, from Italy to Provence. All that\u2019s missing is the sound of cicadas. Then comes the afternoon, and with it, a suspended moment, a sweet interlude around a pastry.<br \/><br \/>At M\u00f4ka, every hour brings its own light, its own rhythm. And no two moments are ever the same.<\/p>\t\t\t\t\t\t\t\t<\/div>\n\t\t\t\t<div class=\"elementor-element elementor-element-c2e2f15 elementor-align-justify animated-slow elementor-tablet-align-center elementor-widget__width-initial elementor-invisible elementor-widget elementor-widget-button\" data-id=\"c2e2f15\" data-element_type=\"widget\" data-e-type=\"widget\" data-settings=\"{&quot;_animation&quot;:&quot;slideInRight&quot;}\" data-widget_type=\"button.default\">\n\t\t\t\t\t\t\t\t\t\t<a class=\"elementor-button elementor-button-link elementor-size-sm\" href=\"https:\/\/lemokacannes.com\/en\/la-mome-groupe\/\">\n\t\t\t\t\t\t<span class=\"elementor-button-content-wrapper\">\n\t\t\t\t\t\t\t\t\t<span class=\"elementor-button-text\">THE GROUP<\/span>\n\t\t\t\t\t<\/span>\n\t\t\t\t\t<\/a>\n\t\t\t\t\t\t\t\t<\/div>\n\t\t\t\t<\/div>\n\t\t\t\t\t<\/div>\n\t\t\t\t<\/div>\n\t\t<div class=\"elementor-element elementor-element-cfc1869 e-flex e-con-boxed e-con e-parent\" data-id=\"cfc1869\" data-element_type=\"container\" data-e-type=\"container\" data-settings=\"{&quot;background_background&quot;:&quot;classic&quot;}\">\n\t\t\t\t\t<div class=\"e-con-inner\">\n\t\t<div class=\"elementor-element elementor-element-f87a6e3 e-con-full e-flex e-con e-child\" data-id=\"f87a6e3\" data-element_type=\"container\" data-e-type=\"container\">\n\t\t\t\t<div class=\"elementor-element elementor-element-7ce5c36 elementor-invisible elementor-widget elementor-widget-image\" data-id=\"7ce5c36\" data-element_type=\"widget\" data-e-type=\"widget\" data-settings=\"{&quot;_animation&quot;:&quot;zoomIn&quot;}\" data-widget_type=\"image.default\">\n\t\t\t\t\t\t\t\t\t\t\t\t\t\t\t<img decoding=\"async\" width=\"200\" height=\"94\" class=\"attachment-full size-full wp-image-12438\" alt=\"\" src=\"https:\/\/lemokacannes.com\/wp-content\/uploads\/2025\/07\/MOKA_CANNES_LOGOTYPES_RVB_01.svg\" \/>\t\t\t\t\t\t\t\t\t\t\t\t\t\t\t<\/div>\n\t\t\t\t<\/div>\n\t\t\t\t\t<\/div>\n\t\t\t\t<\/div>\n\t\t<div class=\"elementor-element elementor-element-a8ae529 e-flex e-con-boxed e-con e-parent\" data-id=\"a8ae529\" data-element_type=\"container\" data-e-type=\"container\" data-settings=\"{&quot;background_background&quot;:&quot;classic&quot;}\">\n\t\t\t\t\t<div class=\"e-con-inner\">\n\t\t<div class=\"elementor-element elementor-element-7a7b483 e-con-full e-flex e-con e-child\" data-id=\"7a7b483\" data-element_type=\"container\" data-e-type=\"container\">\n\t\t\t\t<div class=\"elementor-element elementor-element-b93e00d elementor-widget elementor-widget-heading\" data-id=\"b93e00d\" data-element_type=\"widget\" data-e-type=\"widget\" data-widget_type=\"heading.default\">\n\t\t\t\t\t<h2 class=\"elementor-heading-title elementor-size-default\">We dance, we laugh, we live<\/h2>\t\t\t\t<\/div>\n\t\t\t\t<div class=\"elementor-element elementor-element-81c1aa8 elementor-widget elementor-widget-text-editor\" data-id=\"81c1aa8\" data-element_type=\"widget\" data-e-type=\"widget\" data-widget_type=\"text-editor.default\">\n\t\t\t\t\t\t\t\t\t<p>La M\u00f4me will always be La M\u00f4me.&nbsp;<\/p><p><span style=\"font-size: inherit;\">A place to meet up with friends, with impeccable welcome and service, to share quality dishes, all in an elegant, relaxed atmosphere.<\/span><\/p>\n<p><span style=\"font-size: inherit; color: var( --e-global-color-text ); font-family: var( --e-global-typography-text-font-family ), Sans-serif; font-weight: var( --e-global-typography-text-font-weight );\">This is what inspired Antoine &amp; Ugo Lecorch\u00e9 to name La M\u00f4me, in homage to Suzanne Vreurick, nicknamed &#8220;La M\u00f4me Moineau&#8221;. This iconic woman has had a thousand lives: flower seller in the Parisian clubs of the Roaring Twenties, singer with legendary repartee, then Cannes billionaire. Suzanne loves to dance, laugh and live. Thanks to her sumptuous soir\u00e9es, she became the image of the glamorous life of the French Riviera. An art of living and entertaining dear to    &nbsp;<\/span><span style=\"font-size: inherit; color: var( --e-global-color-text ); font-family: var( --e-global-typography-text-font-family ), Sans-serif; font-weight: var( --e-global-typography-text-font-weight );\">La M\u00f4me.<\/span><\/p>\n<p>From Cannes to London, La M\u00f4me offers sunny, festive cuisine. Inspiration: the subtle, straightforward flavors of Mediterranean culture. The journey begins with a blend of lemon thyme and olive oil, in which dipping the foccacia is wildly addictive.  <\/p>\n<p>Afterwards, the scents of Provence will joyfully accompany this moment of sharing.<\/p>\t\t\t\t\t\t\t\t<\/div>\n\t\t\t\t<div class=\"elementor-element elementor-element-4964b0e elementor-align-justify animated-slow elementor-tablet-align-justify elementor-widget__width-initial elementor-invisible elementor-widget elementor-widget-button\" data-id=\"4964b0e\" data-element_type=\"widget\" data-e-type=\"widget\" data-settings=\"{&quot;_animation&quot;:&quot;slideInRight&quot;}\" data-widget_type=\"button.default\">\n\t\t\t\t\t\t\t\t\t\t<a class=\"elementor-button elementor-button-link elementor-size-sm\" href=\"https:\/\/lemokacannes.com\/en\/our-cards\/\">\n\t\t\t\t\t\t<span class=\"elementor-button-content-wrapper\">\n\t\t\t\t\t\t\t\t\t<span class=\"elementor-button-text\">MENUS<\/span>\n\t\t\t\t\t<\/span>\n\t\t\t\t\t<\/a>\n\t\t\t\t\t\t\t\t<\/div>\n\t\t\t\t<\/div>\n\t\t<div class=\"elementor-element elementor-element-8a98248 e-con-full e-flex e-con e-child\" data-id=\"8a98248\" data-element_type=\"container\" data-e-type=\"container\" data-settings=\"{&quot;background_background&quot;:&quot;classic&quot;}\">\n\t\t<div class=\"elementor-element elementor-element-020e438 e-con-full e-flex e-con e-child\" data-id=\"020e438\" data-element_type=\"container\" data-e-type=\"container\" data-settings=\"{&quot;background_background&quot;:&quot;classic&quot;}\">\n\t\t\t\t<\/div>\n\t\t\t\t<\/div>\n\t\t\t\t\t<\/div>\n\t\t\t\t<\/div>\n\t\t\t\t<\/div>\n\t\t","protected":false},"excerpt":{"rendered":"<p>MENUS BOOK GIFT VOUCHER The joyful and sunny brasserie As soon as you step into Rue Florian, it\u2019s impossible to miss, M\u00f4ka welcomes you with open arms.A sun-drenched terrace, hidden from view, vibrant colors, and a light, carefree atmosphere. M\u00f4ka is a lively, radiant, and unmistakably joyful brasserie. Here, you\u2019ll find that gentle, easygoing energy &#8230;<\/p>\n","protected":false},"author":2,"featured_media":0,"parent":0,"menu_order":0,"comment_status":"closed","ping_status":"closed","template":"elementor_header_footer","meta":{"patiotime_single_page_hide_site_header":"","patiotime_single_page_site_header_source":"","patiotime_single_page_custom_site_header":"","patiotime_single_page_custom_sticky_site_header":"","patiotime_single_page_hide_page_title":"","patiotime_single_page_header_section_size":"","patiotime_single_page_header_background_color":"","patiotime_single_page_header_background_position_x":"center","patiotime_single_page_header_background_position_y":"center","patiotime_single_page_header_background_size":"cover","patiotime_single_page_header_background_repeat":"off","patiotime_single_page_header_background_scroll":"on","patiotime_single_page_header_text_color":"","patiotime_single_page_header_show_breadcrumb":"","patiotime_single_page_site_footer_hide_main":"","patiotime_single_page_site_footer_hide_above":"","patiotime_single_page_site_footer_hide_instagram":"","patiotime_single_page_site_footer_hide_bottom":"","footnotes":""},"class_list":["post-11611","page","type-page","status-publish","hentry"],"yoast_head":"<!-- This site is optimized with the Yoast SEO plugin v27.4 - https:\/\/yoast.com\/product\/yoast-seo-wordpress\/ -->\n<title>M\u00f4ka Cannes \u2013 Sunny, joyful brasserie on the Riviera<\/title>\n<meta name=\"description\" content=\"Experience M\u00f4ka\u2019s bright vibe in Cannes: breakfast, lunch, pastries in a sunny Mediterranean-inspired brasserie.\" \/>\n<meta name=\"robots\" content=\"index, follow, max-snippet:-1, max-image-preview:large, max-video-preview:-1\" \/>\n<link rel=\"canonical\" href=\"https:\/\/lemokacannes.com\/en\/\" \/>\n<meta property=\"og:locale\" content=\"en_US\" \/>\n<meta property=\"og:type\" content=\"article\" \/>\n<meta property=\"og:title\" content=\"M\u00f4ka Cannes \u2013 Sunny, joyful brasserie on the Riviera\" \/>\n<meta property=\"og:description\" content=\"Experience M\u00f4ka\u2019s bright vibe in Cannes: breakfast, lunch, pastries in a sunny Mediterranean-inspired brasserie.\" \/>\n<meta property=\"og:url\" content=\"https:\/\/lemokacannes.com\/en\/\" \/>\n<meta property=\"og:site_name\" content=\"M\u00d4KA\" \/>\n<meta property=\"article:modified_time\" content=\"2025-09-23T18:49:28+00:00\" \/>\n<meta name=\"twitter:card\" content=\"summary_large_image\" \/>\n<meta name=\"twitter:label1\" content=\"Est. reading time\" \/>\n\t<meta name=\"twitter:data1\" content=\"2 minutes\" \/>\n<script type=\"application\/ld+json\" class=\"yoast-schema-graph\">{\"@context\":\"https:\\\/\\\/schema.org\",\"@graph\":[{\"@type\":\"WebPage\",\"@id\":\"https:\\\/\\\/lemokacannes.com\\\/en\\\/\",\"url\":\"https:\\\/\\\/lemokacannes.com\\\/en\\\/\",\"name\":\"M\u00f4ka Cannes \u2013 Sunny, joyful brasserie on the Riviera\",\"isPartOf\":{\"@id\":\"https:\\\/\\\/lemokacannes.com\\\/en\\\/#website\"},\"primaryImageOfPage\":{\"@id\":\"https:\\\/\\\/lemokacannes.com\\\/en\\\/#primaryimage\"},\"image\":{\"@id\":\"https:\\\/\\\/lemokacannes.com\\\/en\\\/#primaryimage\"},\"thumbnailUrl\":\"https:\\\/\\\/lemokacannes.com\\\/wp-content\\\/uploads\\\/2025\\\/07\\\/MOKA_CANNES_LOGOTYPES_RVB_01.svg\",\"datePublished\":\"2024-09-02T16:15:28+00:00\",\"dateModified\":\"2025-09-23T18:49:28+00:00\",\"description\":\"Experience M\u00f4ka\u2019s bright vibe in Cannes: breakfast, lunch, pastries in a sunny Mediterranean-inspired brasserie.\",\"breadcrumb\":{\"@id\":\"https:\\\/\\\/lemokacannes.com\\\/en\\\/#breadcrumb\"},\"inLanguage\":\"en-US\",\"potentialAction\":[{\"@type\":\"ReadAction\",\"target\":[\"https:\\\/\\\/lemokacannes.com\\\/en\\\/\"]}]},{\"@type\":\"ImageObject\",\"inLanguage\":\"en-US\",\"@id\":\"https:\\\/\\\/lemokacannes.com\\\/en\\\/#primaryimage\",\"url\":\"https:\\\/\\\/lemokacannes.com\\\/wp-content\\\/uploads\\\/2025\\\/07\\\/MOKA_CANNES_LOGOTYPES_RVB_01.svg\",\"contentUrl\":\"https:\\\/\\\/lemokacannes.com\\\/wp-content\\\/uploads\\\/2025\\\/07\\\/MOKA_CANNES_LOGOTYPES_RVB_01.svg\"},{\"@type\":\"BreadcrumbList\",\"@id\":\"https:\\\/\\\/lemokacannes.com\\\/en\\\/#breadcrumb\",\"itemListElement\":[{\"@type\":\"ListItem\",\"position\":1,\"name\":\"Home\",\"item\":\"https:\\\/\\\/lemokacannes.com\\\/en\\\/\"},{\"@type\":\"ListItem\",\"position\":2,\"name\":\"Home\"}]},{\"@type\":\"WebSite\",\"@id\":\"https:\\\/\\\/lemokacannes.com\\\/en\\\/#website\",\"url\":\"https:\\\/\\\/lemokacannes.com\\\/en\\\/\",\"name\":\"M\u00d4KA\",\"description\":\"Petit-d\u00e9jeuner . D\u00e9jeuner . P\u00e2tisseries . Glaces artisanales\",\"publisher\":{\"@id\":\"https:\\\/\\\/lemokacannes.com\\\/en\\\/#organization\"},\"potentialAction\":[{\"@type\":\"SearchAction\",\"target\":{\"@type\":\"EntryPoint\",\"urlTemplate\":\"https:\\\/\\\/lemokacannes.com\\\/en\\\/?s={search_term_string}\"},\"query-input\":{\"@type\":\"PropertyValueSpecification\",\"valueRequired\":true,\"valueName\":\"search_term_string\"}}],\"inLanguage\":\"en-US\"},{\"@type\":\"Organization\",\"@id\":\"https:\\\/\\\/lemokacannes.com\\\/en\\\/#organization\",\"name\":\"M\u00d4KA\",\"url\":\"https:\\\/\\\/lemokacannes.com\\\/en\\\/\",\"logo\":{\"@type\":\"ImageObject\",\"inLanguage\":\"en-US\",\"@id\":\"https:\\\/\\\/lemokacannes.com\\\/en\\\/#\\\/schema\\\/logo\\\/image\\\/\",\"url\":\"https:\\\/\\\/lemokacannes.com\\\/wp-content\\\/uploads\\\/2025\\\/07\\\/telechargement.svg\",\"contentUrl\":\"https:\\\/\\\/lemokacannes.com\\\/wp-content\\\/uploads\\\/2025\\\/07\\\/telechargement.svg\",\"caption\":\"M\u00d4KA\"},\"image\":{\"@id\":\"https:\\\/\\\/lemokacannes.com\\\/en\\\/#\\\/schema\\\/logo\\\/image\\\/\"}}]}<\/script>\n<!-- \/ Yoast SEO plugin. -->","yoast_head_json":{"title":"M\u00f4ka Cannes \u2013 Sunny, joyful brasserie on the Riviera","description":"Experience M\u00f4ka\u2019s bright vibe in Cannes: breakfast, lunch, pastries in a sunny Mediterranean-inspired brasserie.","robots":{"index":"index","follow":"follow","max-snippet":"max-snippet:-1","max-image-preview":"max-image-preview:large","max-video-preview":"max-video-preview:-1"},"canonical":"https:\/\/lemokacannes.com\/en\/","og_locale":"en_US","og_type":"article","og_title":"M\u00f4ka Cannes \u2013 Sunny, joyful brasserie on the Riviera","og_description":"Experience M\u00f4ka\u2019s bright vibe in Cannes: breakfast, lunch, pastries in a sunny Mediterranean-inspired brasserie.","og_url":"https:\/\/lemokacannes.com\/en\/","og_site_name":"M\u00d4KA","article_modified_time":"2025-09-23T18:49:28+00:00","twitter_card":"summary_large_image","twitter_misc":{"Est. reading time":"2 minutes"},"schema":{"@context":"https:\/\/schema.org","@graph":[{"@type":"WebPage","@id":"https:\/\/lemokacannes.com\/en\/","url":"https:\/\/lemokacannes.com\/en\/","name":"M\u00f4ka Cannes \u2013 Sunny, joyful brasserie on the Riviera","isPartOf":{"@id":"https:\/\/lemokacannes.com\/en\/#website"},"primaryImageOfPage":{"@id":"https:\/\/lemokacannes.com\/en\/#primaryimage"},"image":{"@id":"https:\/\/lemokacannes.com\/en\/#primaryimage"},"thumbnailUrl":"https:\/\/lemokacannes.com\/wp-content\/uploads\/2025\/07\/MOKA_CANNES_LOGOTYPES_RVB_01.svg","datePublished":"2024-09-02T16:15:28+00:00","dateModified":"2025-09-23T18:49:28+00:00","description":"Experience M\u00f4ka\u2019s bright vibe in Cannes: breakfast, lunch, pastries in a sunny Mediterranean-inspired brasserie.","breadcrumb":{"@id":"https:\/\/lemokacannes.com\/en\/#breadcrumb"},"inLanguage":"en-US","potentialAction":[{"@type":"ReadAction","target":["https:\/\/lemokacannes.com\/en\/"]}]},{"@type":"ImageObject","inLanguage":"en-US","@id":"https:\/\/lemokacannes.com\/en\/#primaryimage","url":"https:\/\/lemokacannes.com\/wp-content\/uploads\/2025\/07\/MOKA_CANNES_LOGOTYPES_RVB_01.svg","contentUrl":"https:\/\/lemokacannes.com\/wp-content\/uploads\/2025\/07\/MOKA_CANNES_LOGOTYPES_RVB_01.svg"},{"@type":"BreadcrumbList","@id":"https:\/\/lemokacannes.com\/en\/#breadcrumb","itemListElement":[{"@type":"ListItem","position":1,"name":"Home","item":"https:\/\/lemokacannes.com\/en\/"},{"@type":"ListItem","position":2,"name":"Home"}]},{"@type":"WebSite","@id":"https:\/\/lemokacannes.com\/en\/#website","url":"https:\/\/lemokacannes.com\/en\/","name":"M\u00d4KA","description":"Petit-d\u00e9jeuner . D\u00e9jeuner . P\u00e2tisseries . Glaces artisanales","publisher":{"@id":"https:\/\/lemokacannes.com\/en\/#organization"},"potentialAction":[{"@type":"SearchAction","target":{"@type":"EntryPoint","urlTemplate":"https:\/\/lemokacannes.com\/en\/?s={search_term_string}"},"query-input":{"@type":"PropertyValueSpecification","valueRequired":true,"valueName":"search_term_string"}}],"inLanguage":"en-US"},{"@type":"Organization","@id":"https:\/\/lemokacannes.com\/en\/#organization","name":"M\u00d4KA","url":"https:\/\/lemokacannes.com\/en\/","logo":{"@type":"ImageObject","inLanguage":"en-US","@id":"https:\/\/lemokacannes.com\/en\/#\/schema\/logo\/image\/","url":"https:\/\/lemokacannes.com\/wp-content\/uploads\/2025\/07\/telechargement.svg","contentUrl":"https:\/\/lemokacannes.com\/wp-content\/uploads\/2025\/07\/telechargement.svg","caption":"M\u00d4KA"},"image":{"@id":"https:\/\/lemokacannes.com\/en\/#\/schema\/logo\/image\/"}}]}},"_links":{"self":[{"href":"https:\/\/lemokacannes.com\/en\/wp-json\/wp\/v2\/pages\/11611","targetHints":{"allow":["GET"]}}],"collection":[{"href":"https:\/\/lemokacannes.com\/en\/wp-json\/wp\/v2\/pages"}],"about":[{"href":"https:\/\/lemokacannes.com\/en\/wp-json\/wp\/v2\/types\/page"}],"author":[{"embeddable":true,"href":"https:\/\/lemokacannes.com\/en\/wp-json\/wp\/v2\/users\/2"}],"replies":[{"embeddable":true,"href":"https:\/\/lemokacannes.com\/en\/wp-json\/wp\/v2\/comments?post=11611"}],"version-history":[{"count":0,"href":"https:\/\/lemokacannes.com\/en\/wp-json\/wp\/v2\/pages\/11611\/revisions"}],"wp:attachment":[{"href":"https:\/\/lemokacannes.com\/en\/wp-json\/wp\/v2\/media?parent=11611"}],"curies":[{"name":"wp","href":"https:\/\/api.w.org\/{rel}","templated":true}]}}